{"id":683,"date":"2025-10-23T18:05:43","date_gmt":"2025-10-23T15:05:43","guid":{"rendered":"https:\/\/aqara.ge\/?post_type=product&#038;p=683"},"modified":"2025-12-10T09:37:35","modified_gmt":"2025-12-10T06:37:35","slug":"%d1%80%d0%b5%d0%bb%d0%b5-%d0%b4%d0%b2%d1%83%d1%85%d0%ba%d0%b0%d0%bd%d0%b0%d0%bb%d1%8c%d0%bd%d0%be%d0%b5-%d1%81-%d1%81%d1%83%d1%85%d0%b8%d0%bc-%d0%ba%d0%be%d0%bd%d1%82%d0%b0%d0%ba%d1%82%d0%be%d0%bc-a","status":"publish","type":"product","link":"https:\/\/aqara.ge\/ka\/product\/%d1%80%d0%b5%d0%bb%d0%b5-%d0%b4%d0%b2%d1%83%d1%85%d0%ba%d0%b0%d0%bd%d0%b0%d0%bb%d1%8c%d0%bd%d0%be%d0%b5-%d1%81-%d1%81%d1%83%d1%85%d0%b8%d0%bc-%d0%ba%d0%be%d0%bd%d1%82%d0%b0%d0%ba%d1%82%d0%be%d0%bc-a\/","title":{"rendered":"\u10dd\u10e0\u10d9\u10d0\u10dc\u10d0\u10da\u10d8\u10d0\u10dc\u10d8 \u10e0\u10d4\u10da\u10d4 \u10db\u10e8\u10e0\u10d0\u10da\u10d8 \u10d9\u10dd\u10dc\u10e2\u10d0\u10e5\u10e2\u10d8\u10d7 | Aqara Dual Relay Module T2"},"content":{"rendered":"<div class=\"woocommerce-product-details__short-description\">\n<div class=\"woocommerce-product-details__short-description\">\n<div class=\"woocommerce-product-details__short-description\">\n<p>\u10dd\u10e0\u10d9\u10d0\u10dc\u10d0\u10da\u10d8\u10d0\u10dc\u10d8 T2 \u10e0\u10d4\u10da\u10d4 \u10dc\u10e3\u10da\u10dd\u10d5\u10d0\u10dc\u10d8 \u10ee\u10d0\u10d6\u10d8\u10d7 \u10ec\u10d0\u10e0\u10db\u10dd\u10d0\u10d3\u10d2\u10d4\u10dc\u10e1 \u10db\u10dd\u10d3\u10e3\u10da\u10e1 \u10d3\u10d8\u10e1\u10e2\u10d0\u10dc\u10ea\u10d8\u10e3\u10e0\u10d8 \u10db\u10d0\u10e0\u10d7\u10d5\u10d8\u10e1\u10d7\u10d5\u10d8\u10e1 \u10d2\u10d0\u10dc\u10d0\u10d7\u10d4\u10d1\u10d8\u10e1, \u10d5\u10d4\u10dc\u10e2\u10d8\u10da\u10d0\u10e2\u10dd\u10e0\u10d4\u10d1\u10d8\u10e1, \u10d2\u10d0\u10e0\u10d0\u10df\u10d8\u10e1 \u10d9\u10d0\u10e0\u10d4\u10d1\u10d8\u10e1, \u10eb\u10e0\u10d0\u10d5\u10d4\u10d1\u10d8\u10e1\u10d0 \u10d3\u10d0 \u10e1\u10ee\u10d5\u10d0 \u10db\u10dd\u10ec\u10e7\u10dd\u10d1\u10d8\u10da\u10dd\u10d1\u10d4\u10d1\u10d8\u10e1\u10d7\u10d5\u10d8\u10e1. \u10e0\u10d4\u10da\u10d4 \u10db\u10ee\u10d0\u10e0\u10d3\u10d0\u10ed\u10d4\u10e0\u10e1 \u10db\u10e8\u10e0\u10d0\u10da \u10d9\u10dd\u10dc\u10e2\u10d0\u10e5\u10e2\u10e1.<\/p>\n<div class=\"woocommerce-product-details__short-description\">\n<p>DIN-\u10e0\u10d4\u10d8\u10d9\u10d6\u10d4 \u10d3\u10d0\u10db\u10d0\u10d2\u10e0\u10d4\u10d1\u10d8\u10e1 \u10db\u10dd\u10ec\u10e7\u10dd\u10d1\u10d8\u10da\u10dd\u10d1\u10d0 \u10e8\u10d4\u10d3\u10d8\u10e1 \u10d9\u10dd\u10db\u10de\u10da\u10d4\u10e5\u10e2\u10e8\u10d8.<\/p>\n<\/div>\n<form class=\"cart\" action=\"https:\/\/shs.ge\/product\/rele-dvuhkanalnoe-s-suhim-kontaktom-aqara-dual-relay-module-t2\/\" enctype=\"multipart\/form-data\" method=\"post\">\n<div class=\"quantity\"><\/div>\n<\/form>\n<\/div>\n<\/div>\n<\/div>","protected":false},"excerpt":{"rendered":"<h3><span style=\"color: #000000;\">\u10de\u10e0\u10dd\u10d3\u10e3\u10e5\u10e2\u10d8\u10e1 \u10d0\u10e6\u10ec\u10d4\u10e0\u10d0<\/span><\/h3>\n<p>&nbsp;<\/p>\n<h4><span style=\"color: #000000;\"><strong>\u10d2\u10d0\u10dc\u10e1\u10d0\u10d9\u10e3\u10d7\u10e0\u10d4\u10d1\u10e3\u10da\u10dd\u10d1\u10d4\u10d1\u10d8\u00a0<\/strong><\/span><\/h4>\n<p><span style=\"color: #000000;\">\u10dd\u10e0\u10d9\u10d0\u10dc\u10d0\u10da\u10d8\u10d0\u10dc\u10d8 T2 \u10e0\u10d4\u10da\u10d4 \u10dc\u10e3\u10da\u10dd\u10d5\u10d0\u10dc\u10d8 \u10ee\u10d0\u10d6\u10d8\u10d7 \u10ec\u10d0\u10e0\u10db\u10dd\u10d0\u10d3\u10d2\u10d4\u10dc\u10e1 \u10db\u10dd\u10d3\u10e3\u10da\u10e1 \u10d3\u10d8\u10e1\u10e2\u10d0\u10dc\u10ea\u10d8\u10e3\u10e0\u10d8 \u10db\u10d0\u10e0\u10d7\u10d5\u10d8\u10e1\u10d7\u10d5\u10d8\u10e1 \u10d2\u10d0\u10dc\u10d0\u10d7\u10d4\u10d1\u10d8\u10e1, \u10d5\u10d4\u10dc\u10e2\u10d8\u10da\u10d0\u10e2\u10dd\u10e0\u10d4\u10d1\u10d8\u10e1, \u10d2\u10d0\u10e0\u10d0\u10df\u10d8\u10e1 \u10d9\u10d0\u10e0\u10d4\u10d1\u10d8\u10e1, \u10eb\u10e0\u10d0\u10d5\u10d4\u10d1\u10d8\u10e1\u10d0 \u10d3\u10d0 \u10e1\u10ee\u10d5\u10d0 \u10db\u10dd\u10ec\u10e7\u10dd\u10d1\u10d8\u10da\u10dd\u10d1\u10d4\u10d1\u10d8\u10e1\u10d7\u10d5\u10d8\u10e1. \u10e0\u10d4\u10da\u10d4 \u10db\u10ee\u10d0\u10e0\u10d3\u10d0\u10ed\u10d4\u10e0\u10e1 \u10db\u10e8\u10e0\u10d0\u10da \u10d9\u10dd\u10dc\u10e2\u10d0\u10e5\u10e2\u10e1.<\/span><\/p>\n<p><span style=\"color: #000000;\">DIN-\u10e0\u10d4\u10d8\u10d9\u10d6\u10d4 \u10d3\u10d0\u10db\u10d0\u10d2\u10e0\u10d4\u10d1\u10d8\u10e1 \u10db\u10dd\u10ec\u10e7\u10dd\u10d1\u10d8\u10da\u10dd\u10d1\u10d0 \u10e8\u10d4\u10d3\u10d8\u10e1 \u10d9\u10dd\u10db\u10de\u10da\u10d4\u10e5\u10e2\u10e8\u10d8.<\/span><\/p>\n<h4><span style=\"color: #000000;\"><strong>\u10e0\u10dd\u10d2\u10dd\u10e0 \u10db\u10e3\u10e8\u10d0\u10dd\u10d1\u10e1<\/strong><\/span><\/h4>\n<p><span style=\"color: #000000;\">\u10e0\u10d4\u10da\u10d4 \u10d2\u10d0\u10db\u10dd\u10d8\u10e7\u10d4\u10dc\u10d4\u10d1\u10d0 \u10db\u10ee\u10d0\u10e0\u10d4\u10d7\u10d0 \u10db\u10dd\u10ec\u10e7\u10dd\u10d1\u10d8\u10da\u10dd\u10d1\u10d4\u10d1\u10d8\u10e1 \u10db\u10d0\u10e0\u10d7\u10d5\u10d8\u10e1\u10d7\u10d5\u10d8\u10e1, \u10e0\u10dd\u10db\u10da\u10d4\u10d1\u10d8\u10ea \u10db\u10d8\u10d4\u10e0\u10d7\u10d4\u10d1\u10e3\u10da\u10d8\u10d0 -\u10e1\u10d7\u10d0\u10dc, \u10d0\u10e1\u10d4\u10d5\u10d4 \u10d2\u10d0\u10db\u10dd\u10d8\u10e7\u10d4\u10dc\u10d4\u10d1\u10d0 Aqara \u10db\u10dd\u10ec\u10e7\u10dd\u10d1\u10d8\u10da\u10dd\u10d1\u10d4\u10d1\u10d7\u10d0\u10dc \u10d0\u10d5\u10e2\u10dd\u10db\u10d0\u10e2\u10d8\u10d6\u10d0\u10ea\u10d8\u10d8\u10e1 \u10d2\u10d0\u10e8\u10d5\u10d4\u10d1\u10d8\u10e1\u10d7\u10d5\u10d8\u10e1. \u10d8\u10d2\u10d8 \u10d0\u10d9\u10dd\u10dc\u10e2\u10e0\u10dd\u10da\u10d4\u10d1\u10e1 \u10d4\u10da\u10d4\u10e5\u10e2\u10e0\u10dd\u10d4\u10dc\u10d4\u10e0\u10d2\u10d8\u10d8\u10e1 \u10db\u10dd\u10ee\u10db\u10d0\u10e0\u10d4\u10d1\u10d0\u10e1 \u10d3\u10d0 \u10d0\u10e5\u10d5\u10e1 \u10d3\u10d0\u10ea\u10d5\u10d0 \u10d2\u10d0\u10d3\u10d0\u10ee\u10e3\u10e0\u10d5\u10d8\u10e1\u10d0 \u10d3\u10d0 \u10d2\u10d0\u10d3\u10d0\u10e2\u10d5\u10d8\u10e0\u10d7\u10d5\u10d8\u10e1\u10d2\u10d0\u10dc.<\/span><\/p>\n<h4><span style=\"color: #000000;\"><strong>\u10db\u10dd\u10db\u10d0\u10e0\u10d0\u10d2\u10d4\u10d1\u10d0<\/strong><\/span><\/h4>\n<p><span style=\"color: #000000;\">\u10db\u10e3\u10e8\u10d0\u10dd\u10d1\u10e1 \u10ea\u10d5\u10d0\u10da\u10d5\u10d0\u10d3\u10d8 \u10d3\u10d0 \u10db\u10e3\u10d3\u10db\u10d8\u10d5\u10d8 \u10d3\u10d4\u10dc\u10d8\u10d7.<\/span><\/p>\n<h4><span style=\"color: #000000;\"><strong>\u10d9\u10d0\u10d5\u10e8\u10d8\u10e0\u10d8\u10e1 \u10de\u10e0\u10dd\u10e2\u10dd\u10d9\u10dd\u10da\u10d8 \u10d3\u10d0 \u10d7\u10d0\u10d5\u10e1\u10d4\u10d1\u10d0\u10d3\u10dd\u10d1\u10d0<\/strong><\/span><\/h4>\n<p><span style=\"color: #000000;\">\u10db\u10dd\u10ec\u10e7\u10dd\u10d1\u10d8\u10da\u10dd\u10d1\u10d8\u10e1 \u10db\u10e3\u10e8\u10d0\u10dd\u10d1\u10d8\u10e1\u10d7\u10d5\u10d8\u10e1 \u10d2\u10d0\u10db\u10dd\u10d8\u10e7\u10d4\u10dc\u10d4\u10d1\u10d0 Zigbee 3.0 \u10de\u10e0\u10dd\u10e2\u10dd\u10d9\u10dd\u10da\u10d8\u10e1 \u10d5\u10d4\u10e0\u10e1\u10d8\u10d0.<\/span><\/p>\n<h4><span style=\"color: #000000;\"><strong>\u10d0\u10d5\u10e2\u10dd\u10db\u10d0\u10e2\u10d8\u10d6\u10d0\u10ea\u10d0<\/strong><\/span><\/h4>\n<p><span style=\"color: #000000;\"><b>\u10d2\u10d0\u10ee\u10e1\u10d4\u10dc\u10d8\u10d7 \u10d9\u10d0\u10e0\u10d4\u10d1\u10d8, \u10d0\u10e0 \u10d2\u10d0\u10db\u10dd\u10d5\u10d8\u10d3\u10d4\u10d7 \u10db\u10d0\u10dc\u10e5\u10d0\u10dc\u10d8\u10d3\u10d0\u10dc.\u00a0<\/b>\u10d3\u10d0\u10d0\u10db\u10d0\u10d2\u10e0\u10d4\u10d7 \u10e0\u10d4\u10da\u10d4 \u10d2\u10d0\u10e0\u10d0\u10df\u10d8\u10e1 \u10d9\u10d0\u10e0\u10d8\u10e1 \u10d9\u10dd\u10dc\u10e2\u10e0\u10dd\u10da\u10d4\u10e0\u10d7\u10d0\u10dc \u10d3\u10d0 \u10db\u10d0\u10dc\u10e5\u10d0\u10dc\u10d0\u10e8\u10d8 \u10e1\u10d0\u10e1\u10d8\u10d0\u10db\u10dd\u10d5\u10dc\u10dd\u10d3 \u10d2\u10d0\u10ee\u10e1\u10d4\u10dc\u10d8\u10d7 \u10d3\u10d0 \u10d3\u10d0\u10ee\u10e3\u10e0\u10d4\u10d7 \u10db\u10d0\u10d7\u10d8. \u10d4\u10e1 \u10e8\u10d4\u10d8\u10eb\u10da\u10d4\u10d1\u10d0 \u10d3\u10d0\u10d2\u10d4 ti\u1ebft \u10d3\u10e0\u10dd \u10d3\u10d0 \u10eb\u10d0\u10da\u10d0, \u10d7\u10e3 \u10d7\u10e5\u10d5\u10d4\u10dc \u10db\u10dd\u10d4\u10db\u10d6\u10d0\u10d3\u10d4\u10d1\u10d8\u10d7 \u10db\u10e3\u10e8\u10d0\u10dd\u10d1\u10d8\u10e1 \u10e8\u10d4\u10db\u10d3\u10d4\u10d2.<\/span><\/p>\n<p><span style=\"color: #000000;\"><b>\u10d2\u10d0\u10dc\u10d0\u10d7\u10d4\u10d1\u10d8\u10e1 \u10db\u10d0\u10e0\u10d7\u10d5\u10d0.\u00a0<\/b>\u10e8\u10d4\u10db\u10dd\u10d5\u10d0 \u10e1\u10d0\u10ee\u10da\u10e8\u10d8, \u10e0\u10d4\u10da\u10d4 \u10e9\u10d0\u10e0\u10d7\u10d0\u10d5\u10e1 \u10e1\u10d8\u10dc\u10d0\u10d7\u10da\u10d4\u10e1 \u2014 \u10d0\u10db\u10d8\u10e1\u10d7\u10d5\u10d8\u10e1 \u10e1\u10d0\u10ed\u10d8\u10e0\u10dd\u10d0 \u10e2\u10e0\u10d8\u10d2\u10d4\u10e0\u10d8\u10e1 \u10db\u10dd\u10ec\u10e7\u10dd\u10d1\u10d8\u10da\u10dd\u10d1\u10d0, \u10db\u10d0\u10d2\u10d0\u10da\u10d8\u10d7\u10d0\u10d3, \u10db\u10dd\u10eb\u10e0\u10d0\u10dd\u10d1\u10d8\u10e1 \u10e1\u10d4\u10dc\u10e1\u10dd\u10e0\u10d8 \u10d0\u10dc \u10d9\u10d0\u10db\u10d4\u10e0\u10d0 G3, \u10e0\u10dd\u10db\u10da\u10d4\u10d1\u10d8\u10ea \u10d0\u10e4\u10d8\u10e5\u10e1\u10d8\u10e0\u10d4\u10d1\u10d4\u10dc \u10db\u10dd\u10eb\u10e0\u10d0\u10dd\u10d1\u10d0\u10e1.<\/span><\/p>\n<hr \/>\n<div id=\"row-606642881\" class=\"row\">\n<div id=\"col-1889632709\" class=\"col medium-1\/2 large-6\">\n<div class=\"col-inner\">\n<p><span style=\"color: #000000;\"><strong>\u10db\u10dd\u10d3\u10d4\u10da\u10d8:\u00a0<\/strong>DCM-K01<\/span><\/p>\n<p class=\" translation-block\">\u10e4\u10d4\u10e0\u10d8: \u10d7\u10d4\u10d7\u10e0\u10d8<\/p>\n<p class=\" translation-block\">\u10e3\u10e1\u10d0\u10d3\u10d4\u10dc\u10dd \u10db\u10dd\u10dc\u10d0\u10ea\u10d4\u10db\u10d4\u10d1\u10d8\u10e1 \u10d2\u10d0\u10d3\u10d0\u10ea\u10d4\u10db\u10d0: Zigbee 3.0<\/p>\n<p class=\" translation-block\">Zigbee-\u10d8\u10e1 \u10db\u10e3\u10e8\u10d0 \u10e1\u10d8\u10ee\u10e8\u10d8\u10e0\u10d4: 2405\u20132480 \u10db\u10d2\u10ea<\/p>\n<p><span style=\"color: #000000;\"><strong>\u041c\u0430\u043a\u0441\u0438\u043c\u0430\u043b\u044c\u043d\u0430\u044f \u0432\u044b\u0445\u043e\u0434\u043d\u0430\u044f \u043c\u043e\u0449\u043d\u043e\u0441\u0442\u044c Zigbee:<\/strong>\u00a0\u2264 13 \u0434\u0411\u043c<\/span><\/p>\n<p class=\" translation-block\">AC: 100\u2013250 \u0412~, 50\/60 \u0413\u0446, \u10e2\u10d5\u10d8\u10e0\u10d7\u10d5\u10d0:<\/p>\n<ul>\n<li><span style=\"color: #000000;\">\u0434\u043e 10 \u0410, \u043c\u0430\u043a\u0441. 2500 \u0412\u0442 (\u0440\u0435\u0437\u0438\u0441\u0442\u0438\u0432\u043d\u0430\u044f);<\/span><\/li>\n<li><span style=\"color: #000000;\">\u10db\u10d0\u10e5\u10e1. 1 \u10d0, \u10db\u10d0\u10e5\u10e1. 250 \u10d5\u10e2 (LED, \u10d9\u10dd\u10db\u10de\u10d0\u10e5\u10e2\u10e3\u10e0\u10d8 \u10da\u10e3\u10db\u10d8\u10dc\u10d4\u10e1\u10ea\u10d4\u10dc\u10e2\u10e3\u10e0\u10d8 \u10da\u10d0\u10db\u10de\u10d4\u10d1\u10d8);<\/span><\/li>\n<li><span style=\"color: #000000;\">\u10db\u10d0\u10e5\u10e1. 1 \u10d0, \u10db\u10d0\u10e5\u10e1. 1\/4 \u10ea\u10ee. \u10eb\u10e0\u10d0\u10d5\u10d4\u10d1\u10d8).<\/span><\/li>\n<\/ul>\n<\/div>\n<\/div>\n<div id=\"col-718390352\" class=\"col medium-1\/2 large-6\">\n<div class=\"col-inner\">\n<p><span style=\"color: #000000;\"><strong>DC:<\/strong><\/span><\/p>\n<ul>\n<li><span style=\"color: #000000;\">24 \u2013 30 \u0412=, \u10e2\u10d5\u10d8\u10e0\u10d7\u10d5\u10d0 \u10db\u10d0\u10e5\u10e1. 10 \u10d0, \u10db\u10d0\u10e5\u10e1. 300 \u10d5\u10e2;<\/span><\/li>\n<li><span style=\"color: #000000;\">30 \u2013 60 \u0412, \u10e2\u10d5\u10d8\u10e0\u10d7\u10d5\u10d0 \u10db\u10d0\u10e5\u10e1. 1 \u10d0, \u10db\u10d0\u10e5\u10e1. 60 \u10d5\u10e2.<\/span><\/li>\n<\/ul>\n<p class=\" translation-block\">\u10d6\u10dd\u10db\u10d4\u10d1\u10d8: \u00d845,5 \u00d7 48 \u00d7 24 \u10db\u10db (DIN-\u10e0\u10d4\u10d8\u10d9\u10d6\u10d4 \u10d3\u10d0\u10db\u10d0\u10d2\u10e0\u10d4\u10d1\u10d8\u10e1 \u10d2\u10d0\u10e0\u10d4\u10e8\u10d4)<\/p>\n<p><span style=\"color: #000000;\"><strong>\u10db\u10e3\u10e8\u10d0 \u10e2\u10d4\u10db\u10de\u10d4\u10e0\u10d0\u10e2\u10e3\u10e0\u10d0:<\/strong>\u00a0-10\u00b0C ~ +40\u00b0C<\/span><\/p>\n<p><span style=\"color: #000000;\"><strong>\u10db\u10e3\u10e8\u10d0 \u10e2\u10d4\u10dc\u10d8\u10d0\u10dc\u10dd\u10d1\u10d0:<\/strong>\u00a00 ~ 95% \u10e4\u10d0\u10e0\u10d7\u10dd\u10d1\u10d8\u10e1 \u10e2\u10d4\u10dc\u10d8\u10d0\u10dc\u10dd\u10d1\u10d0, \u10d9\u10dd\u10dc\u10d3\u10d4\u10dc\u10e1\u10d0\u10ea\u10d8\u10d8\u10e1 \u10d2\u10d0\u10e0\u10d4\u10e8\u10d4<\/span><\/p>\n<p><span style=\"color: #000000;\"><strong>\u10d9\u10dd\u10db\u10de\u10da\u10d4\u10e5\u10e2\u10e8\u10d8 \u10e8\u10d4\u10d3\u10d8\u10e1:<\/strong>\u00a0\u10dd\u10e0\u10d9\u10d0\u10dc\u10d0\u10da\u10d8\u10d0\u10dc\u10d8 T2 \u10e0\u10d4\u10da\u10d4 DIN-\u10e0\u10d4\u10d8\u10d9\u10d6\u10d4 \u10d3\u10d0\u10db\u10d0\u10d2\u10e0\u10d4\u10d1\u10d8\u10e1 \u10db\u10dd\u10ec\u10e7\u10dd\u10d1\u10d8\u10da\u10dd\u10d1\u10d8\u10d7, \u10db\u10dd\u10db\u10ee\u10db\u10d0\u10e0\u10d4\u10d1\u10da\u10d8\u10e1 \u10db\u10d8\u10db\u10d0\u10e0\u10d7\u10d5\u10d0<\/span><\/p>\n<\/div>\n<\/div>\n<\/div>","protected":false},"featured_media":684,"comment_status":"open","ping_status":"closed","template":"","meta":[],"product_brand":[127],"product_cat":[147,28,98],"product_tag":[],"class_list":{"0":"post-683","1":"product","2":"type-product","3":"status-publish","4":"has-post-thumbnail","6":"product_brand-aqara","7":"product_cat-all-products","8":"product_cat-detector","9":"product_cat-light","11":"first","12":"instock","13":"shipping-taxable","14":"purchasable","15":"product-type-simple"},"_links":{"self":[{"href":"https:\/\/aqara.ge\/ka\/wp-json\/wp\/v2\/product\/683","targetHints":{"allow":["GET"]}}],"collection":[{"href":"https:\/\/aqara.ge\/ka\/wp-json\/wp\/v2\/product"}],"about":[{"href":"https:\/\/aqara.ge\/ka\/wp-json\/wp\/v2\/types\/product"}],"replies":[{"embeddable":true,"href":"https:\/\/aqara.ge\/ka\/wp-json\/wp\/v2\/comments?post=683"}],"wp:featuredmedia":[{"embeddable":true,"href":"https:\/\/aqara.ge\/ka\/wp-json\/wp\/v2\/media\/684"}],"wp:attachment":[{"href":"https:\/\/aqara.ge\/ka\/wp-json\/wp\/v2\/media?parent=683"}],"wp:term":[{"taxonomy":"product_brand","embeddable":true,"href":"https:\/\/aqara.ge\/ka\/wp-json\/wp\/v2\/product_brand?post=683"},{"taxonomy":"product_cat","embeddable":true,"href":"https:\/\/aqara.ge\/ka\/wp-json\/wp\/v2\/product_cat?post=683"},{"taxonomy":"product_tag","embeddable":true,"href":"https:\/\/aqara.ge\/ka\/wp-json\/wp\/v2\/product_tag?post=683"}],"curies":[{"name":"wp","href":"https:\/\/api.w.org\/{rel}","templated":true}]}}